{"id":3,"date":"2025-09-01T17:51:23","date_gmt":"2025-09-01T17:51:23","guid":{"rendered":"http:\/\/j-lvllc.com\/?page_id=3"},"modified":"2025-09-11T17:05:38","modified_gmt":"2025-09-11T17:05:38","slug":"privacy-policy","status":"publish","type":"page","link":"https:\/\/j-lvllc.com\/es\/privacy-policy\/","title":{"rendered":"Pol\u00edticas de Privacidad"},"content":{"rendered":"<div data-elementor-type=\"wp-page\" data-elementor-id=\"3\" class=\"elementor elementor-3\" data-elementor-settings=\"{&quot;ha_cmc_init_switcher&quot;:&quot;no&quot;}\">\n\t\t\t\t<div class=\"elementor-element elementor-element-10ef08dc e-flex e-con-boxed e-con e-parent\" data-id=\"10ef08dc\" data-element_type=\"container\" data-e-type=\"container\" data-settings=\"{&quot;background_background&quot;:&quot;classic&quot;,&quot;_ha_eqh_enable&quot;:false}\">\n\t\t\t\t\t<div class=\"e-con-inner\">\n\t\t\t\t<div class=\"elementor-element elementor-element-6fd9c97b elementor-widget elementor-widget-text-editor\" data-id=\"6fd9c97b\" data-element_type=\"widget\" data-e-type=\"widget\" data-widget_type=\"text-editor.default\">\n\t\t\t\t\t\t\t\t\t<ol><li><strong>Recolecci\u00f3n de Informaci\u00f3n <\/strong>Recopilamos informaci\u00f3n b\u00e1sica como nombre, n\u00famero de tel\u00e9fono, direcci\u00f3n de correo electr\u00f3nico y direcci\u00f3n solo cuando el cliente la proporciona voluntariamente (por ejemplo, al solicitar una cotizaci\u00f3n o contactarnos).<br \/><br \/><\/li><li><strong>Uso de la Informaci\u00f3n <\/strong>Los datos ser\u00e1n utilizados \u00fanicamente para responder consultas, elaborar cotizaciones, prestar los servicios contratados y mantener la comunicaci\u00f3n con el cliente.<br \/><br \/><\/li><li><strong>Protecci\u00f3n de la informaci\u00f3n<\/strong> Implementamos medidas de seguridad para proteger los datos contra acceso no autorizado, p\u00e9rdida o mal uso.<br \/><br \/><\/li><li><strong>No compartimos informaci\u00f3n:<\/strong> We do not sell, rent, or share personal data with third parties unless required by law or with the client&#8217;s express authorization.<br \/><br \/><\/li><li><strong>Derechos del cliente: <\/strong>El cliente podr\u00e1 solicitar en cualquier momento que sus datos sean actualizados, corregidos o eliminados de nuestras bases de datos.<br \/><br \/><\/li><li><strong>Modificaciones <\/strong>Esta pol\u00edtica puede actualizarse para mejorar nuestras pr\u00e1cticas; cualquier cambio se publicar\u00e1 en esta misma secci\u00f3n.<\/li><\/ol>\t\t\t\t\t\t\t\t<\/div>\n\t\t\t\t\t<\/div>\n\t\t\t\t<\/div>\n\t\t\t\t<\/div>","protected":false},"excerpt":{"rendered":"<p>Information Collection: We collect basic information such as name, telephone number, email address, and address only when voluntarily provided by [&hellip;]<\/p>\n","protected":false},"author":1,"featured_media":0,"parent":0,"menu_order":5,"comment_status":"closed","ping_status":"closed","template":"","meta":{"site-sidebar-layout":"no-sidebar","site-content-layout":"","ast-site-content-layout":"full-width-container","site-content-style":"unboxed","site-sidebar-style":"unboxed","ast-global-header-display":"disabled","ast-banner-title-visibility":"disabled","ast-main-header-display":"","ast-hfb-above-header-display":"","ast-hfb-below-header-display":"","ast-hfb-mobile-header-display":"","site-post-title":"","ast-breadcrumbs-content":"","ast-featured-img":"","footer-sml-layout":"disabled","ast-disable-related-posts":"","theme-transparent-header-meta":"","adv-header-id-meta":"","stick-header-meta":"","header-above-stick-meta":"","header-main-stick-meta":"","header-below-stick-meta":"","astra-migrate-meta-layouts":"default","ast-page-background-enabled":"default","ast-page-background-meta":{"desktop":{"background-color":"var(--ast-global-color-5)","background-image":"","background-repeat":"repeat","background-position":"center center","background-size":"auto","background-attachment":"scroll","background-type":"","background-media":"","overlay-type":"","overlay-color":"","overlay-opacity":"","overlay-gradient":""},"tablet":{"background-color":"","background-image":"","background-repeat":"repeat","background-position":"center center","background-size":"auto","background-attachment":"scroll","background-type":"","background-media":"","overlay-type":"","overlay-color":"","overlay-opacity":"","overlay-gradient":""},"mobile":{"background-color":"","background-image":"","background-repeat":"repeat","background-position":"center center","background-size":"auto","background-attachment":"scroll","background-type":"","background-media":"","overlay-type":"","overlay-color":"","overlay-opacity":"","overlay-gradient":""}},"ast-content-background-meta":{"desktop":{"background-color":"var(--ast-global-color-4)","background-image":"","background-repeat":"repeat","background-position":"center center","background-size":"auto","background-attachment":"scroll","background-type":"","background-media":"","overlay-type":"","overlay-color":"","overlay-opacity":"","overlay-gradient":""},"tablet":{"background-color":"var(--ast-global-color-4)","background-image":"","background-repeat":"repeat","background-position":"center center","background-size":"auto","background-attachment":"scroll","background-type":"","background-media":"","overlay-type":"","overlay-color":"","overlay-opacity":"","overlay-gradient":""},"mobile":{"background-color":"var(--ast-global-color-4)","background-image":"","background-repeat":"repeat","background-position":"center center","background-size":"auto","background-attachment":"scroll","background-type":"","background-media":"","overlay-type":"","overlay-color":"","overlay-opacity":"","overlay-gradient":""}},"footnotes":""},"class_list":["post-3","page","type-page","status-publish","hentry"],"_links":{"self":[{"href":"https:\/\/j-lvllc.com\/es\/wp-json\/wp\/v2\/pages\/3","targetHints":{"allow":["GET"]}}],"collection":[{"href":"https:\/\/j-lvllc.com\/es\/wp-json\/wp\/v2\/pages"}],"about":[{"href":"https:\/\/j-lvllc.com\/es\/wp-json\/wp\/v2\/types\/page"}],"author":[{"embeddable":true,"href":"https:\/\/j-lvllc.com\/es\/wp-json\/wp\/v2\/users\/1"}],"replies":[{"embeddable":true,"href":"https:\/\/j-lvllc.com\/es\/wp-json\/wp\/v2\/comments?post=3"}],"version-history":[{"count":8,"href":"https:\/\/j-lvllc.com\/es\/wp-json\/wp\/v2\/pages\/3\/revisions"}],"predecessor-version":[{"id":749,"href":"https:\/\/j-lvllc.com\/es\/wp-json\/wp\/v2\/pages\/3\/revisions\/749"}],"wp:attachment":[{"href":"https:\/\/j-lvllc.com\/es\/wp-json\/wp\/v2\/media?parent=3"}],"curies":[{"name":"wp","href":"https:\/\/api.w.org\/{rel}","templated":true}]}}